{"id":3299,"date":"2023-10-16T11:13:46","date_gmt":"2023-10-16T11:13:46","guid":{"rendered":"http:\/\/simnadwarcianski.pl\/?page_id=3299"},"modified":"2025-06-24T09:53:07","modified_gmt":"2025-06-24T09:53:07","slug":"o-inicjatywie","status":"publish","type":"page","link":"https:\/\/simnadwarcianski.pl\/?page_id=3299","title":{"rendered":"O nas"},"content":{"rendered":"<p>[vc_row][vc_column width=&#8221;1\/2&#8243; css=&#8221;.vc_custom_1697459066612{padding-top: 30px !important;padding-right: 30px !important;padding-bottom: 30px !important;padding-left: 30px !important;}&#8221;]<div id=\"cz_79584\" class=\"cz_79584 cz_title clr cz_mobile_text_center cz_title_pos_inline\"><div class=\"cz_title_content\"><div class=\"cz_wpe_content\"><p><span style=\"color: #115773;\">\u00a0<\/span><\/p>\n<\/div><\/div><\/div><div id=\"cz_50061\" class=\"cz_50061 cz_title clr cz_mobile_text_center cz_title_has_bg cz_title_pos_inline\"><div class=\"cz_title_content\"><div class=\"cz_wpe_content\"><h2>O sp\u00f3\u0142ce<\/h2>\n<\/div><\/div><\/div><div id=\"cz_39743\" class=\"cz_39743 cz_title clr cz_mobile_text_center cz_title_pos_inline\"><div class=\"cz_title_content\"><div class=\"cz_wpe_content\"><div>\n<div class=\"org-name\">\n<div class=\"info inline\" data-name=\"nazwa\">\n<p class=\"lab\">Nazwa pe\u0142na: <strong>SPO\u0141ECZNA INICJATYWA MIESZKANIOWA &#8222;KZN-NADWARCIA\u0143SKI&#8221; SP\u00d3\u0141KA Z OGRANICZON\u0104 ODPOWIEDZIALNO\u015aCI\u0104<\/strong><\/p>\n<\/div>\n<\/div>\n<div class=\"data-container\">\n<div class=\"data\">\n<div class=\"group\">\n<div class=\"mt-1\">\n<div class=\"row row-registry-numbers\">\n<div class=\"col-4\">\n<div class=\"info\">\n<p class=\"lab\">KRS:\u00a0<strong>0000994904<\/strong><\/p>\n<\/div>\n<\/div>\n<div class=\"col-4\">\n<div class=\"info\">\n<p class=\"lab\">NIP:\u00a0<strong>5993264349<\/strong><\/p>\n<\/div>\n<\/div>\n<div class=\"col-4\">\n<div class=\"info\">\n<p class=\"lab\">REGON: <strong>521765021<\/strong><\/p>\n<\/div>\n<\/div>\n<\/div>\n<\/div>\n<div class=\"border-top pt-2 mt-2\">\n<div class=\"info inline\" data-name=\"adres\">\n<p class=\"lab\">Adres siedziby: <strong>ul. Targowa 9 lok 3.12 , 66-400 Gorz\u00f3w Wielkopolski, Polska\u00a0<\/strong><\/p>\n<\/div>\n<div class=\"info inline\" data-name=\"forma_prawna\">\n<p class=\"lab\">Forma prawna: <strong>Sp\u00f3\u0142ka z ograniczon\u0105 odpowiedzialno\u015bci\u0105<\/strong><\/p>\n<\/div>\n<div class=\"info inline\">\n<p class=\"lab\">Data rejestracji: <strong>30 wrze\u015bnia 2022 r.<\/strong><\/p>\n<\/div>\n<div class=\"info inline\" data-name=\"wysokosc_kapitalu_zakladowego\">\n<p class=\"lab\">Kapita\u0142 zak\u0142adowy:\u00a0<strong><span title=\"45 000 500,00 Z\u0141\">51 430 250 z\u0142<\/span><\/strong><\/p>\n<\/div>\n<\/div>\n<\/div>\n<\/div>\n<\/div>\n<\/div>\n<div><\/div>\n<div style=\"line-height: 1.7;\"><strong>Spo\u0142eczna Inicjatywa Mieszkaniowa KZN Nadwarcia\u0144ski<\/strong>\u00a0to sp\u00f3\u0142ka utworzona przez\u00a0<strong>15 gmin z wojew\u00f3dztwa lubuskiego oraz zachodniopomorskiego\u00a0oraz Krajowy Zas\u00f3b Nieruchomo\u015bci<\/strong>.\u00a0<span lang=\"nl-NL\">Spo<\/span>\u0142eczna inicjatywa mieszkaniowa, czyli<strong>\u00a0SIM<\/strong>, to podmiot realizuj\u0105cy budownictwo spo\u0142eczne. Zadaniem sp\u00f3\u0142ki jest budowa mieszka\u0144 na wynajem o umiarkowanym czynszu z mo\u017cliwo\u015bci\u0105 uzyskania w\u0142asno\u015bci mieszkania na przestrzeni lat.<\/div>\n<\/div><\/div><\/div><div class=\"cz_gap clr  hide_on_tablet hide_on_mobile\" style=\"height: 210px\"><\/div><div class=\"cz_gap show_on_tablet clr \" style=\"height: 100px\"><\/div>[\/vc_column][vc_column width=&#8221;1\/2&#8243;][vc_single_image image=&#8221;3197&#8243; img_size=&#8221;medium&#8221;][\/vc_column][\/vc_row][vc_row full_width=&#8221;stretch_row&#8221; css=&#8221;.vc_custom_1614553410788{background: #d7dfe2 url(http:\/\/simnadwarcianski.pl\/wp-content\/uploads\/2021\/02\/bg5.jpg?id=899) !important;background-position: center !important;background-repeat: no-repeat !important;background-size: cover !important;}&#8221;][vc_column width=&#8221;3\/4&#8243;]<div class=\"cz_gap clr  hide_on_tablet hide_on_mobile\" style=\"height: 210px\"><\/div><div class=\"cz_gap show_on_tablet clr \" style=\"height: 100px\"><\/div><div id=\"cz_93018\" class=\"cz_93018 cz_title clr cz_mobile_text_center cz_title_pos_inline\"><div class=\"cz_title_content\"><div class=\"cz_wpe_content\"><p><span style=\"color: #115773;\">Step by step with us<br \/>\n<\/span><\/p>\n<\/div><\/div><\/div><div class=\"cz_gap clr  hide_on_tablet hide_on_mobile\" style=\"height: 20px\"><\/div><div class=\"cz_gap show_on_tablet clr \" style=\"height: 0px\"><\/div><div id=\"cz_55421\" class=\"cz_55421 cz_title clr cz_mobile_text_center cz_title_pos_inline\"><div class=\"cz_title_content\"><div class=\"cz_wpe_content\"><h2><span style=\"color: #ffffff;\">Podstawy Prawne dzia\u0142ania sp\u00f3\u0142ki<\/span><\/h2>\n<\/div><\/div><\/div><div id=\"cz_33754\" class=\"cz_33754 cz_title clr cz_title_has_icon cz_title_pos_inline\"><div class=\"cz_title_content\"><i class=\"cz_title_icon_before cz_title_number\"><span>1<\/span><\/i><div class=\"cz_wpe_content\"><p><span style=\"color: #d7dfe2; font-size: 17px;\">Ustawa z dnia 11 wrze\u015bnia 2019 r. \u2013 Prawo zam\u00f3wie\u0144 publicznych <a href=\"https:\/\/isap.sejm.gov.pl\/isap.nsf\/DocDetails.xsp?id=WDU20190002019\" target=\"_blank\" rel=\"noopener\"><strong>link&gt;&gt;<\/strong><\/a><\/span><\/p>\n<\/div><\/div><\/div><div id=\"cz_95436\" class=\"cz_95436 cz_title clr cz_title_has_icon cz_title_pos_inline\"><div class=\"cz_title_content\"><i class=\"cz_title_icon_before cz_title_number\"><span>2<\/span><\/i><div class=\"cz_wpe_content\"><p><span style=\"color: #d7dfe2;\">Ustawa z dnia 11 wrze\u015bnia 2019 r. \u2013 Prawo zam\u00f3wie\u0144 publicznych\u00a0<a href=\"https:\/\/isap.sejm.gov.pl\/isap.nsf\/DocDetails.xsp?id=WDU20190002019\" target=\"_blank\" rel=\"noopener\"><strong>link&gt;&gt;<\/strong><\/a><\/span><\/p>\n<\/div><\/div><\/div><div id=\"cz_90757\" class=\"cz_90757 cz_title clr cz_title_has_icon cz_title_pos_inline\"><div class=\"cz_title_content\"><i class=\"cz_title_icon_before cz_title_number\"><span>3<\/span><\/i><div class=\"cz_wpe_content\"><p><span style=\"color: #d7dfe2;\">Ustawa z dnia 16 grudnia 2016 r. o zasadach zarz\u0105dzania mieniem pa\u0144stwowym\u00a0<a href=\"https:\/\/isap.sejm.gov.pl\/isap.nsf\/DocDetails.xsp?id=WDU20160002259\" target=\"_blank\" rel=\"noopener\"><strong>link&gt;&gt;<\/strong><\/a><\/span><\/p>\n<\/div><\/div><\/div><div id=\"cz_30231\" class=\"cz_30231 cz_title clr cz_title_has_icon cz_title_pos_inline\"><div class=\"cz_title_content\"><i class=\"cz_title_icon_before cz_title_number\"><span>4<\/span><\/i><div class=\"cz_wpe_content\"><p><span style=\"color: #d7dfe2;\">Ustawa z dnia 21 czerwca 2001 r. o ochronie praw lokator\u00f3w, mieszkaniowym zasobie gminy i o zmianie kodeksu cywilnego <a href=\"https:\/\/isap.sejm.gov.pl\/isap.nsf\/DocDetails.xsp?id=WDU20010710733\" target=\"_blank\" rel=\"noopener\"><strong>link&gt;&gt;<\/strong><\/a><\/span><\/p>\n<\/div><\/div><\/div><div id=\"cz_44006\" class=\"cz_44006 cz_title clr cz_title_has_icon cz_title_pos_inline\"><div class=\"cz_title_content\"><i class=\"cz_title_icon_before cz_title_number\"><span>5<\/span><\/i><div class=\"cz_wpe_content\"><p><span style=\"color: #d7dfe2;\">Ustawa z dnia 11 wrze\u015bnia 2019 r. \u2013 Prawo zam\u00f3wie\u0144 publicznych <a href=\"https:\/\/isap.sejm.gov.pl\/isap.nsf\/DocDetails.xsp?id=WDU20190002019\" target=\"_blank\" rel=\"noopener\"><strong>link&gt;&gt;<\/strong><\/a><\/span><\/p>\n<\/div><\/div><\/div><div id=\"cz_88395\" class=\"cz_88395 cz_title clr cz_title_has_icon cz_title_pos_inline\"><div class=\"cz_title_content\"><i class=\"cz_title_icon_before cz_title_number\"><span>6<\/span><\/i><div class=\"cz_wpe_content\"><p><span style=\"color: #d7dfe2;\">Ustawa z dnia 26 pa\u017adziernika 1995 r. o spo\u0142ecznych formach rozwoju mieszkalnictwa<a href=\"https:\/\/isap.sejm.gov.pl\/isap.nsf\/DocDetails.xsp?id=WDU19951330654\" target=\"_blank\" rel=\"noopener\"><strong>link&gt;&gt;<\/strong><\/a><\/span><\/p>\n<\/div><\/div><\/div><div class=\"cz_gap clr \" style=\"height: 50px\"><\/div><div class=\"cz_gap clr  hide_on_tablet hide_on_mobile\" style=\"height: 250px\"><\/div><div class=\"cz_gap show_on_tablet clr  show_only_tablet\" style=\"height: 170px\"><\/div><div class=\"cz_gap show_on_mobile clr\" style=\"height: 0px\"><\/div>[\/vc_column][vc_column width=&#8221;1\/4&#8243;]<div class=\"relative\"><div id=\"cz_46528\" class=\"cz_sep2 cz_sep2_28 cz_sep_top\"><svg preserveAspectRatio=\"none\" xmlns=\"http:\/\/www.w3.org\/2000\/svg\" width=\"100%\"  viewBox=\"0 0 1600 128\">\n\t\t\t\t\t\t\t<path style=\"fill:transparent\" d=\"M800,0h754V90H710Z\"\/>\n\t\t\t\t\t\t\t<path style=\"fill:rgba(255,255,255,0.45)\" d=\"M835,0h754V90H745Z\"\/>\n\t\t\t\t\t\t\t<rect style=\"fill:#ffffff\" y=\"89\" width=\"1600\" height=\"38\"\/>\n\t\t\t\t\t\t\t<path style=\"fill:#ffffff\" d=\"M872,0h754V90H782Z\"\/>\n\t\t\t\t\t\t<\/svg><\/div><\/div><div id=\"cz_89803\" data-position=\"top-right\" class=\"cz_89803 cz_image clr cz_image_no_fx center_on_mobile\"><div class=\"cz_svg_bg\" ><div class=\"cz_image_in\"><div class=\"cz_main_image\"><img loading=\"lazy\" decoding=\"async\" width=\"400\" height=\"600\" src=\"https:\/\/simnadwarcianski.pl\/wp-content\/uploads\/2023\/10\/wiz3.png\" class=\"attachment-full\" alt=\"\" title=\"wiz3\" srcset=\"https:\/\/simnadwarcianski.pl\/wp-content\/uploads\/2023\/10\/wiz3.png 400w, https:\/\/simnadwarcianski.pl\/wp-content\/uploads\/2023\/10\/wiz3-200x300.png 200w\" sizes=\"auto, (max-width: 400px) 100vw, 400px\" \/><\/div><\/div><\/div><\/div>[\/vc_column][\/vc_row][vc_row full_width=&#8221;stretch_row&#8221;][vc_column]<div class=\"cz_eqh cz_content_box_parent_fx  \"><div id=\"cz_47800\" class=\"cz_47800 cz_content_box clr\"><div class=\"cz_box_front clr\"><div class=\"cz_box_front_inner clr \"><span><\/span><div><div id=\"cz_64782\" class=\"cz_64782 cz_title clr cz_title_pos_inline tac\"><div class=\"cz_title_content\"><div class=\"cz_wpe_content\"><p style=\"text-align: center;\"><span style=\"color: #115773;\">Zarz\u0105d i Wsp\u00f3lnicy<br \/>\n<\/span><\/p>\n<\/div><\/div><\/div><div id=\"cz_43067\" class=\"cz_43067 cz_title clr cz_title_ba_line cz_title_pos_inline tac\"><div class=\"cz_title_content\"><div class=\"cz_title_line cz_line_before_title\"><span>_<\/span><\/div><div class=\"cz_wpe_content\"><h2 style=\"text-align: center;\">1. Prezes Zarz\u0105du<\/h2>\n<p style=\"text-align: center;\">S\u0142awomir Gi\u017cycki<\/p>\n<h2 style=\"text-align: center;\">2. Udzia\u0142owcy:<\/h2>\n<p style=\"text-align: left;\">&#8211; Krajowy Zas\u00f3b Nieruchomo\u015bci &#8211; 7609 udzia\u0142\u00f3w o warto\u015bci 380,450z\u0142<br \/>\n&#8211; Gmina Bledzew &#8211; 60.000 udzia\u0142\u00f3w o warto\u015bci 3.000.000z\u0142<br \/>\n&#8211; Gmina Bogdaniec &#8211; 60.000 udzia\u0142\u00f3w o warto\u015bci 3.000.000z\u0142<br \/>\n&#8211; Gmina D\u0119bno &#8211; 77.968 udzia\u0142\u00f3w o warto\u015bci 3.898.400z\u0142<br \/>\n&#8211; Gmina Dobiegniew &#8211; 60.000 udzia\u0142\u00f3w o warto\u015bci 3.000.000z\u0142<br \/>\n&#8211; Gmina G\u00f3rzyca &#8211; 70.385 udzia\u0142\u00f3w o warto\u015bci 3.519.250z\u0142<br \/>\n&#8211; Miasto Kostrzyn nad Odr\u0105 &#8211; 77.969 udzia\u0142\u00f3w o warto\u015bci 3.898.400z\u0142<br \/>\n&#8211; Gmina My\u015blib\u00f3rz &#8211; 60.000 udzia\u0142\u00f3w o warto\u015bci 3.000.000z\u0142<br \/>\n&#8211; Gmina O\u015bno Lubuskie &#8211; 70.385 udzia\u0142\u00f3w o warto\u015bci 3.519.250z\u0142<br \/>\n\u2013 Gmina Rzepin \u2013 77.969 udzia\u0142\u00f3w o warto\u015bci 3.898.450z\u0142<br \/>\n&#8211; Gmina Santok &#8211;\u00a060.000 udzia\u0142\u00f3w o warto\u015bci 3.000.000z\u0142<br \/>\n&#8211; Gmina S\u0142o\u0144sk &#8211; 60.000 udzia\u0142\u00f3w o warto\u015bci 3.000.000z\u0142<br \/>\n&#8211; Gmina Skwierzyna &#8211; 60.000 udzia\u0142\u00f3w o warto\u015bci 3.000.000z\u0142<br \/>\n&#8211; Gmina Witnica &#8211; 77.968 udzia\u0142\u00f3w o warto\u015bci 3.898.400z\u0142<br \/>\n&#8211; Gmina Zb\u0105szynek &#8211; 77.968 udzia\u0142\u00f3w o warto\u015bci 3.898.400z\u0142<br \/>\n&#8211; Gmina Zwierzyn &#8211; 70.385 udzia\u0142\u00f3w o warto\u015bci 3.519.250z\u0142<\/p>\n<\/div><\/div><\/div><\/div><\/div><\/div><\/div><\/div>[\/vc_column][\/vc_row][vc_row full_width=&#8221;stretch_row&#8221; parallax=&#8221;content-moving&#8221; parallax_image=&#8221;55&#8243; css=&#8221;.vc_custom_1497765483470{padding-top: 50px !important;padding-bottom: 50px !important;border-radius: Select !important;}&#8221;][vc_column width=&#8221;1\/6&#8243;][\/vc_column][vc_column width=&#8221;2\/3&#8243;]<div id=\"cz_51425\" class=\"cz_51425 slick arrows_mlr no_dots\" data-slick='{\"selector\":\"\",\"slidesToShow\":1,\"slidesToScroll\":1,\"rows\":1,\"fade\":false,\"vertical\":false,\"verticalSwiping\":false,\"infinite\":false,\"speed\":1000,\"swipeToSlide\":true,\"centerMode\":false,\"centerPadding\":\"\",\"variableWidth\":false,\"autoplay\":false,\"autoplaySpeed\":4000,\"dots\":true,\"counts\":false,\"responsive\":[{\"breakpoint\":769,\"settings\":{\"slidesToShow\":1,\"slidesToScroll\":1,\"infinite\":true,\"touchMove\":true}},{\"breakpoint\":481,\"settings\":{\"slidesToShow\":1,\"slidesToScroll\":1,\"infinite\":true,\"touchMove\":true}}]}' data-slick-prev=\"fa czico-201-back\" data-slick-next=\"fa czico-188-arrows-2\"><div id=\"cz_20861\" data-position=\"top-right\" class=\"cz_20861 cz_image clr cz_image_no_fx center_on_mobile\"><div class=\"\" ><div class=\"cz_image_in\"><div class=\"cz_main_image\"><img loading=\"lazy\" decoding=\"async\" width=\"1200\" height=\"682\" src=\"https:\/\/simnadwarcianski.pl\/wp-content\/uploads\/2023\/10\/wizual-2-pietrowy.jpg\" class=\"attachment-full\" alt=\"\" title=\"wizual-2-pietrowy\" srcset=\"https:\/\/simnadwarcianski.pl\/wp-content\/uploads\/2023\/10\/wizual-2-pietrowy.jpg 1200w, https:\/\/simnadwarcianski.pl\/wp-content\/uploads\/2023\/10\/wizual-2-pietrowy-300x171.jpg 300w, https:\/\/simnadwarcianski.pl\/wp-content\/uploads\/2023\/10\/wizual-2-pietrowy-1024x582.jpg 1024w, https:\/\/simnadwarcianski.pl\/wp-content\/uploads\/2023\/10\/wizual-2-pietrowy-768x436.jpg 768w, https:\/\/simnadwarcianski.pl\/wp-content\/uploads\/2023\/10\/wizual-2-pietrowy-600x341.jpg 600w\" sizes=\"auto, (max-width: 1200px) 100vw, 1200px\" \/><\/div><\/div><div class=\"cz_image_caption mt10 cz_wpe_content\"><div><span style=\"color: #115773; font-size: 15px;\">Dom wielolokalowy<br \/>\n<\/span><\/div>\n<div style=\"line-height: 1.5;\"><strong><span style=\"font-size: 32px;\">Wizualizacja projektu<\/span><br \/>\n<\/strong><\/div>\n<div style=\"line-height: 1.5;\"><\/div>\n<\/div><\/div><\/div><\/div><div><\/div>[\/vc_column][vc_column width=&#8221;1\/6&#8243;][\/vc_column][\/vc_row][vc_row][vc_column]<div class=\"cz_gap clr  hide_on_tablet hide_on_mobile\" style=\"height: 100px\"><\/div><div class=\"cz_gap show_on_tablet clr \" style=\"height: 0px\"><\/div>[\/vc_column][\/vc_row]<\/p>\n","protected":false},"excerpt":{"rendered":"<p>[vc_row][vc_column width=&#8221;1\/2&#8243; css=&#8221;.vc_custom_1697459066612{padding-top: 30px !important;padding-right: 30px !important;padding-bottom: 30px !important;padding-left: 30px !important;}&#8221;][\/vc_column][vc_column &#8230; <\/p>\n","protected":false},"author":1,"featured_media":0,"parent":0,"menu_order":0,"comment_status":"closed","ping_status":"closed","template":"","meta":{"footnotes":""},"class_list":["post-3299","page","type-page","status-publish","hentry"],"_links":{"self":[{"href":"https:\/\/simnadwarcianski.pl\/index.php?rest_route=\/wp\/v2\/pages\/3299","targetHints":{"allow":["GET"]}}],"collection":[{"href":"https:\/\/simnadwarcianski.pl\/index.php?rest_route=\/wp\/v2\/pages"}],"about":[{"href":"https:\/\/simnadwarcianski.pl\/index.php?rest_route=\/wp\/v2\/types\/page"}],"author":[{"embeddable":true,"href":"https:\/\/simnadwarcianski.pl\/index.php?rest_route=\/wp\/v2\/users\/1"}],"replies":[{"embeddable":true,"href":"https:\/\/simnadwarcianski.pl\/index.php?rest_route=%2Fwp%2Fv2%2Fcomments&post=3299"}],"version-history":[{"count":13,"href":"https:\/\/simnadwarcianski.pl\/index.php?rest_route=\/wp\/v2\/pages\/3299\/revisions"}],"predecessor-version":[{"id":3363,"href":"https:\/\/simnadwarcianski.pl\/index.php?rest_route=\/wp\/v2\/pages\/3299\/revisions\/3363"}],"wp:attachment":[{"href":"https:\/\/simnadwarcianski.pl\/index.php?rest_route=%2Fwp%2Fv2%2Fmedia&parent=3299"}],"curies":[{"name":"wp","href":"https:\/\/api.w.org\/{rel}","templated":true}]}}