{"id":3277,"date":"2023-10-16T09:33:57","date_gmt":"2023-10-16T09:33:57","guid":{"rendered":"http:\/\/simnadwarcianski.pl\/?page_id=3277"},"modified":"2023-10-16T11:12:45","modified_gmt":"2023-10-16T11:12:45","slug":"o-nas","status":"publish","type":"page","link":"https:\/\/simnadwarcianski.pl\/?page_id=3277","title":{"rendered":"O inicjatywie"},"content":{"rendered":"<p>[vc_row full_width=&#8221;stretch_row&#8221;][vc_column width=&#8221;1\/2&#8243;]<div id=\"cz_53696\" class=\"cz_53696 cz_title clr cz_mobile_text_center cz_title_pos_inline\"><div class=\"cz_title_content\"><div class=\"cz_wpe_content\"><p><span style=\"color: #115773;\">\u00a0<\/span><\/p>\n<\/div><\/div><\/div><div id=\"cz_94936\" class=\"cz_94936 cz_title clr cz_mobile_text_center cz_title_has_bg cz_title_pos_inline\"><div class=\"cz_title_content\"><div class=\"cz_wpe_content\"><h2>Kim jeste\u015bmy?<\/h2>\n<\/div><\/div><\/div><div id=\"cz_60449\" class=\"cz_60449 cz_title clr cz_mobile_text_center cz_title_pos_inline\"><div class=\"cz_title_content\"><div class=\"cz_wpe_content\"><div style=\"line-height: 1.7;\"><strong>Spo\u0142eczna Inicjatywa Mieszkaniowa KZN Nadwarcia\u0144ski<\/strong>\u00a0to sp\u00f3\u0142ka utworzona przez <strong>15 gmin z wojew\u00f3dztwa lubuskiego oraz zachodniopomorskiego\u00a0oraz Krajowy Zas\u00f3b Nieruchomo\u015bci<\/strong>.\u00a0<span lang=\"nl-NL\">Spo<\/span>\u0142eczna inicjatywa mieszkaniowa, czyli<strong>\u00a0SIM<\/strong>, to podmiot realizuj\u0105cy budownictwo spo\u0142eczne. Zadaniem sp\u00f3\u0142ki jest budowa mieszka\u0144 na wynajem o umiarkowanym czynszu z mo\u017cliwo\u015bci\u0105 uzyskania w\u0142asno\u015bci mieszkania na przestrzeni lat.<\/div>\n<\/div><\/div><\/div><div class=\"\"><div class=\"cz_63824_p\"><a id=\"cz_63824\" class=\"cz_63824 cz_btn cz_btn_txt_no_fx cz_btn_no_fx cz_mobile_btn_center\" href=\"http:\/\/simnadwarcianski.pl\/?page_id=18\" title=\"About\" aria-label=\"About\"><span><strong>Skontaktuj si\u0119 z nami<\/strong><\/span><b class=\"cz_btn_onhover\"><strong>Skontaktuj si\u0119 z nami<\/strong><\/b><\/a><\/div><\/div>[\/vc_column][vc_column width=&#8221;1\/4&#8243;]<div class=\"xtra-service-box-hover fx_up_hover\"><a href=\"#\"><div id=\"cz_48374\" class=\"cz_48374 services clr style11 services_b\"><div class=\"service_img\"><img loading=\"lazy\" decoding=\"async\" width=\"100\" height=\"100\" src=\"https:\/\/simnadwarcianski.pl\/wp-content\/uploads\/2021\/02\/icon3.png\" class=\"service-icon attachment-full\" alt=\"\" title=\"icon3\" \/><\/div><div class=\"service_text\"><h3>Wk\u0142ad w\u0142asny<\/h3><div class=\"cz_wpe_content\"><div style=\"line-height: 1.2;\"><span style=\"color: #115773; font-size: 17px;\">Partycypacja koszt\u00f3w w\u0142asnych w przedziale 15-30%<\/span><\/div>\n<\/div><\/div><\/div><\/a><\/div><div class=\"xtra-service-box-hover fx_up_hover\"><a href=\"#\"><div id=\"cz_78019\" class=\"cz_78019 services clr style11 services_b\"><div class=\"service_img\"><img loading=\"lazy\" decoding=\"async\" width=\"100\" height=\"100\" src=\"https:\/\/simnadwarcianski.pl\/wp-content\/uploads\/2021\/02\/icon2.png\" class=\"service-icon attachment-full\" alt=\"\" title=\"icon2\" \/><\/div><div class=\"service_text\"><h3>Niski Czynsz<\/h3><div class=\"cz_wpe_content\"><div style=\"line-height: 1.2;\"><span style=\"color: #115773; font-size: 17px;\">Rz\u0105dowe dop\u0142aty do czynszu, dzi\u0119ki kt\u00f3rym czynsz mo\u017ce by\u0107 nawet 50% ni\u017cszy<\/span><\/div>\n<\/div><\/div><\/div><\/a><\/div>[\/vc_column][vc_column width=&#8221;1\/4&#8243;]<div class=\"cz_gap clr  hide_on_tablet hide_on_mobile\" style=\"height: 70px\"><\/div><div class=\"cz_gap show_on_tablet clr \" style=\"height: 20px\"><\/div><div class=\"xtra-service-box-hover fx_up_hover\"><a href=\"#\"><div id=\"cz_33031\" class=\"cz_33031 services clr style11 services_b\"><div class=\"service_img\"><img loading=\"lazy\" decoding=\"async\" width=\"100\" height=\"100\" src=\"https:\/\/simnadwarcianski.pl\/wp-content\/uploads\/2021\/02\/icon1.png\" class=\"service-icon attachment-full\" alt=\"\" title=\"icon1\" \/><\/div><div class=\"service_text\"><h3>Wysoki standard pod klucz<\/h3><div class=\"cz_wpe_content\"><div style=\"line-height: 1.2;\"><span style=\"color: #115773; font-size: 17px;\">Wszystkie mieszkania s\u0105 wykonane w wysokim standardzie i gotowe do zamieszkania, wystarczy umeblowa\u0107.<\/span><\/div>\n<\/div><\/div><\/div><\/a><\/div><div class=\"xtra-service-box-hover fx_up_hover\"><a href=\"#\"><div id=\"cz_30222\" class=\"cz_30222 services clr style11 services_b\"><div class=\"service_img\"><img loading=\"lazy\" decoding=\"async\" width=\"100\" height=\"100\" src=\"https:\/\/simnadwarcianski.pl\/wp-content\/uploads\/2021\/02\/icon4.png\" class=\"service-icon attachment-full\" alt=\"\" title=\"icon4\" \/><\/div><div class=\"service_text\"><h3>Wykup<\/h3><div class=\"cz_wpe_content\"><div style=\"line-height: 1.2;\"><span style=\"color: #115773; font-size: 17px;\">Po 15 latach mo\u017cna wykupi\u0107 lokal na w\u0142asno\u015b\u0107 na preferencyjnych warunkach.<\/span><\/div>\n<\/div><\/div><\/div><\/a><\/div>[\/vc_column][\/vc_row][vc_row full_width=&#8221;stretch_row&#8221; css=&#8221;.vc_custom_1614553410788{background: #d7dfe2 url(http:\/\/simnadwarcianski.pl\/wp-content\/uploads\/2021\/02\/bg5.jpg?id=899) !important;background-position: center !important;background-repeat: no-repeat !important;background-size: cover !important;}&#8221;][vc_column width=&#8221;1\/2&#8243;]<div class=\"relative\"><div id=\"cz_46528\" class=\"cz_sep2 cz_sep2_28 cz_sep_top\"><svg preserveAspectRatio=\"none\" xmlns=\"http:\/\/www.w3.org\/2000\/svg\" width=\"100%\"  viewBox=\"0 0 1600 128\">\n\t\t\t\t\t\t\t<path style=\"fill:transparent\" d=\"M800,0h754V90H710Z\"\/>\n\t\t\t\t\t\t\t<path style=\"fill:rgba(255,255,255,0.45)\" d=\"M835,0h754V90H745Z\"\/>\n\t\t\t\t\t\t\t<rect style=\"fill:#ffffff\" y=\"89\" width=\"1600\" height=\"38\"\/>\n\t\t\t\t\t\t\t<path style=\"fill:#ffffff\" d=\"M872,0h754V90H782Z\"\/>\n\t\t\t\t\t\t<\/svg><\/div><\/div><div id=\"cz_84013\" data-position=\"top-right\" class=\"cz_84013 cz_image clr cz_image_no_fx center_on_mobile\"><div class=\"cz_svg_bg\" ><div class=\"cz_image_in\"><div class=\"cz_main_image\"><img loading=\"lazy\" decoding=\"async\" width=\"400\" height=\"600\" src=\"https:\/\/simnadwarcianski.pl\/wp-content\/uploads\/2023\/10\/wiz4.png\" class=\"attachment-full\" alt=\"\" title=\"wiz4\" srcset=\"https:\/\/simnadwarcianski.pl\/wp-content\/uploads\/2023\/10\/wiz4.png 400w, https:\/\/simnadwarcianski.pl\/wp-content\/uploads\/2023\/10\/wiz4-200x300.png 200w\" sizes=\"auto, (max-width: 400px) 100vw, 400px\" \/><\/div><\/div><\/div><\/div>[\/vc_column][vc_column width=&#8221;1\/2&#8243;]<div class=\"cz_gap clr  hide_on_tablet hide_on_mobile\" style=\"height: 210px\"><\/div><div class=\"cz_gap show_on_tablet clr \" style=\"height: 100px\"><\/div><div id=\"cz_53942\" class=\"cz_53942 cz_title clr cz_mobile_text_center cz_title_pos_inline\"><div class=\"cz_title_content\"><div class=\"cz_wpe_content\"><p>Najwa\u017cniejsze punkty<\/p>\n<\/div><\/div><\/div><div class=\"cz_gap clr  hide_on_tablet hide_on_mobile\" style=\"height: 20px\"><\/div><div class=\"cz_gap show_on_tablet clr \" style=\"height: 0px\"><\/div><div id=\"cz_40315\" class=\"cz_40315 cz_title clr cz_mobile_text_center cz_title_pos_inline\"><div class=\"cz_title_content\"><div class=\"cz_wpe_content\"><h2><span style=\"color: #ffffff;\">SIM w punktach<\/span><\/h2>\n<\/div><\/div><\/div><div id=\"cz_47374\" class=\"cz_47374 cz_title clr cz_title_has_icon cz_title_pos_inline\"><div class=\"cz_title_content\"><i class=\"cz_title_icon_before cz_title_number\"><span>1<\/span><\/i><div class=\"cz_wpe_content\"><h3><span style=\"color: #d7dfe2;\"><span style=\"color: #ffffff;\">Dla Kogo?<\/span><br \/>\n<\/span><\/h3>\n<p><span style=\"color: #d7dfe2; font-size: 17px;\">SIM to idealne rozwi\u0105zanie dla os\u00f3b kt\u00f3re nie posiadaj\u0105 zdolno\u015bci kredytowej, a chc\u0105 zamieszka\u0107 w nowoczesnym budownictwie i komfortowych warunkach<\/span><\/p>\n<\/div><\/div><\/div><div id=\"cz_54960\" class=\"cz_54960 cz_title clr cz_title_has_icon cz_title_pos_inline\"><div class=\"cz_title_content\"><i class=\"cz_title_icon_before cz_title_number\"><span>2<\/span><\/i><div class=\"cz_wpe_content\"><h3><span style=\"color: #d7dfe2;\"><span style=\"color: #ffffff;\">Wyko\u0144czone mieszkanie<\/span><br \/>\n<\/span><\/h3>\n<p><span style=\"color: #d7dfe2;\"><span style=\"font-size: 17px;\">SIM pozwoli Ci zyska\u0107 <strong>w pe\u0142ni wyko\u0144czone mieszkanie<\/strong>. Projekt przewiduje atrakcyjny czynsz, rz\u0105dowe dop\u0142aty oraz mo\u017cliwo\u015b\u0107 uzyskania <strong>mieszkania na w\u0142asno\u015b\u0107<\/strong> w przysz\u0142o\u015bci<\/span><br \/>\n<\/span><\/p>\n<\/div><\/div><\/div><div id=\"cz_34065\" class=\"cz_34065 cz_title clr cz_title_has_icon cz_title_pos_inline\"><div class=\"cz_title_content\"><i class=\"cz_title_icon_before cz_title_number\"><span>3<\/span><\/i><div class=\"cz_wpe_content\"><h3><span style=\"color: #d7dfe2;\"><span style=\"color: #ffffff;\">Bezpiecze\u0144stwo<\/span><br \/>\n<\/span><\/h3>\n<p><span style=\"color: #d7dfe2;\"><span style=\"font-size: 17px;\">Oferujemy pewno\u015b\u0107 prawn\u0105 i formaln\u0105. Mo\u017cesz by\u0107 pewien \u017ce proces budowy jest nale\u017cycie nadzorowany, a Twoje w\u0142o\u017cone \u015brodki pieni\u0119\u017cne s\u0105 bezpieczne<\/span><br \/>\n<\/span><\/p>\n<\/div><\/div><\/div><div id=\"cz_66207\" class=\"cz_66207 cz_title clr cz_title_has_icon cz_title_pos_inline\"><div class=\"cz_title_content\"><i class=\"cz_title_icon_before cz_title_number\"><span>4<\/span><\/i><div class=\"cz_wpe_content\"><h3><span style=\"color: #d7dfe2;\"><span style=\"color: #ffffff;\">Nawet 50% taniej<\/span><br \/>\n<\/span><\/h3>\n<p><span style=\"color: #d7dfe2;\"><span style=\"font-size: 17px;\">Czynsz na lokale SIM mog\u0105 by\u0107 nawet 50% ni\u017csze od cen wolnorynkowych<\/span><br \/>\n<\/span><\/p>\n<\/div><\/div><\/div><div id=\"cz_109589\" class=\"cz_109589 cz_title clr cz_title_has_icon cz_title_pos_inline\"><div class=\"cz_title_content\"><i class=\"cz_title_icon_before cz_title_number\"><span>5<\/span><\/i><div class=\"cz_wpe_content\"><h3><span style=\"color: #d7dfe2;\"><span style=\"color: #ffffff;\">15 lat dop\u0142at<\/span><br \/>\n<\/span><\/h3>\n<p><span style=\"color: #d7dfe2;\"><span style=\"font-size: 17px;\">Tw\u00f3j czynsz mo\u017ce by\u0107 pomniejszony dop\u0142atami przez 15 lat<\/span><br \/>\n<\/span><\/p>\n<\/div><\/div><\/div><div class=\"cz_gap clr \" style=\"height: 50px\"><\/div><div class=\"cz_btn_left cz_mobile_btn_center\"><div class=\"cz_36024_p\"><a id=\"cz_36024\" class=\"cz_36024 cz_btn cz_btn_txt_no_fx cz_btn_no_fx\" href=\"http:\/\/simnadwarcianski.pl\/?page_id=18\" title=\"Kontakt\" aria-label=\"Kontakt\"><span><strong>Kontakt<\/strong><\/span><b class=\"cz_btn_onhover\"><strong>Kontakt<\/strong><\/b><\/a><\/div><\/div><div class=\"clr\"><\/div><div class=\"cz_gap clr  hide_on_tablet hide_on_mobile\" style=\"height: 250px\"><\/div><div class=\"cz_gap show_on_tablet clr  show_only_tablet\" style=\"height: 170px\"><\/div><div class=\"cz_gap show_on_mobile clr\" style=\"height: 0px\"><\/div>[\/vc_column][\/vc_row][vc_row full_width=&#8221;stretch_row&#8221; css=&#8221;.vc_custom_1612219398663{background-position: 0 0 !important;background-repeat: no-repeat !important;}&#8221;][vc_column width=&#8221;1\/4&#8243;]<div class=\"clr cz_parallax_v_10\"><div id=\"cz_106389\" data-position=\"top-right\" class=\"cz_106389 cz_image clr cz_image_no_fx center_on_mobile\"><div class=\"\" ><div class=\"cz_image_in\"><div class=\"cz_main_image\"><img loading=\"lazy\" decoding=\"async\" width=\"400\" height=\"600\" src=\"https:\/\/simnadwarcianski.pl\/wp-content\/uploads\/2023\/10\/wiz1.png\" class=\"attachment-full\" alt=\"\" title=\"wiz1\" srcset=\"https:\/\/simnadwarcianski.pl\/wp-content\/uploads\/2023\/10\/wiz1.png 400w, https:\/\/simnadwarcianski.pl\/wp-content\/uploads\/2023\/10\/wiz1-200x300.png 200w\" sizes=\"auto, (max-width: 400px) 100vw, 400px\" \/><\/div><\/div><\/div><\/div><\/div>[\/vc_column][vc_column width=&#8221;1\/4&#8243;]<div class=\"clr cz_parallax_v_-10\"><div id=\"cz_22848\" data-position=\"top-right\" class=\"cz_22848 cz_image clr cz_image_no_fx center_on_mobile\"><div class=\"\" ><div class=\"cz_image_in\"><div class=\"cz_main_image\"><img loading=\"lazy\" decoding=\"async\" width=\"400\" height=\"600\" src=\"https:\/\/simnadwarcianski.pl\/wp-content\/uploads\/2023\/10\/wiz2.png\" class=\"attachment-full\" alt=\"\" title=\"wiz2\" srcset=\"https:\/\/simnadwarcianski.pl\/wp-content\/uploads\/2023\/10\/wiz2.png 400w, https:\/\/simnadwarcianski.pl\/wp-content\/uploads\/2023\/10\/wiz2-200x300.png 200w\" sizes=\"auto, (max-width: 400px) 100vw, 400px\" \/><\/div><\/div><\/div><\/div><\/div>[\/vc_column][vc_column width=&#8221;1\/4&#8243;]<div class=\"clr cz_parallax_v_10\"><div id=\"cz_106868\" data-position=\"top-right\" class=\"cz_106868 cz_image clr cz_image_no_fx center_on_mobile\"><div class=\"\" ><div class=\"cz_image_in\"><div class=\"cz_main_image\"><img loading=\"lazy\" decoding=\"async\" width=\"400\" height=\"600\" src=\"https:\/\/simnadwarcianski.pl\/wp-content\/uploads\/2023\/10\/wiz3.png\" class=\"attachment-full\" alt=\"\" title=\"wiz3\" srcset=\"https:\/\/simnadwarcianski.pl\/wp-content\/uploads\/2023\/10\/wiz3.png 400w, https:\/\/simnadwarcianski.pl\/wp-content\/uploads\/2023\/10\/wiz3-200x300.png 200w\" sizes=\"auto, (max-width: 400px) 100vw, 400px\" \/><\/div><\/div><\/div><\/div><\/div>[\/vc_column][vc_column width=&#8221;1\/4&#8243;]<div class=\"clr cz_parallax_v_-10\"><div id=\"cz_15564\" data-position=\"top-right\" class=\"cz_15564 cz_image clr cz_image_no_fx center_on_mobile\"><div class=\"\" ><div class=\"cz_image_in\"><div class=\"cz_main_image\"><img loading=\"lazy\" decoding=\"async\" width=\"400\" height=\"600\" src=\"https:\/\/simnadwarcianski.pl\/wp-content\/uploads\/2023\/10\/wiz4.png\" class=\"attachment-full\" alt=\"\" title=\"wiz4\" srcset=\"https:\/\/simnadwarcianski.pl\/wp-content\/uploads\/2023\/10\/wiz4.png 400w, https:\/\/simnadwarcianski.pl\/wp-content\/uploads\/2023\/10\/wiz4-200x300.png 200w\" sizes=\"auto, (max-width: 400px) 100vw, 400px\" \/><\/div><\/div><\/div><\/div><\/div>[\/vc_column][\/vc_row][vc_row][vc_column]<div class=\"cz_gap clr  hide_on_tablet hide_on_mobile\" style=\"height: 100px\"><\/div><div class=\"cz_gap show_on_tablet clr \" style=\"height: 0px\"><\/div>[\/vc_column][\/vc_row][vc_row full_width=&#8221;stretch_row&#8221; disable_element=&#8221;yes&#8221; css=&#8221;.vc_custom_1697450894771{background-image: url(http:\/\/simnadwarcianski.pl\/wp-content\/uploads\/2021\/02\/bg2.jpg?id=781) !important;background-position: center !important;background-repeat: no-repeat !important;background-size: cover !important;}&#8221;][vc_column]<div class=\"relative\"><div id=\"cz_16696\" class=\"cz_sep2 cz_sep2_28 cz_sep_rotatey_top relative\"><svg preserveAspectRatio=\"none\" xmlns=\"http:\/\/www.w3.org\/2000\/svg\" width=\"100%\"  viewBox=\"0 0 1600 128\">\n\t\t\t\t\t\t\t<path style=\"fill:transparent\" d=\"M800,0h754V90H710Z\"\/>\n\t\t\t\t\t\t\t<path style=\"fill:rgba(255,255,255,0.25)\" d=\"M835,0h754V90H745Z\"\/>\n\t\t\t\t\t\t\t<rect style=\"fill:#ffffff\" y=\"89\" width=\"1600\" height=\"38\"\/>\n\t\t\t\t\t\t\t<path style=\"fill:#ffffff\" d=\"M872,0h754V90H782Z\"\/>\n\t\t\t\t\t\t<\/svg><\/div><\/div><div class=\"cz_gap clr \" style=\"height: 100px\"><\/div><div id=\"cz_110257\" class=\"cz_110257 cz_title clr cz_title_ba_line cz_title_pos_inline tac\"><div class=\"cz_title_content\"><div class=\"cz_title_line cz_line_before_title\"><span>_<\/span><\/div><div class=\"cz_wpe_content\"><h2 style=\"text-align: center;\">What our clients said?<\/h2>\n<\/div><\/div><\/div><div class=\"cz_gap clr \" style=\"height: 20px\"><\/div><div id=\"cz_95809\" class=\"cz_95809 slick no_arrows dots_bc dots_square\" data-slick='{\"selector\":\"\",\"slidesToShow\":2,\"slidesToScroll\":1,\"rows\":1,\"fade\":false,\"vertical\":false,\"verticalSwiping\":false,\"infinite\":false,\"speed\":1000,\"swipeToSlide\":true,\"centerMode\":false,\"centerPadding\":\"\",\"variableWidth\":false,\"autoplay\":false,\"autoplaySpeed\":4000,\"dots\":true,\"counts\":false,\"responsive\":[{\"breakpoint\":769,\"settings\":{\"slidesToShow\":2,\"slidesToScroll\":1,\"infinite\":true,\"touchMove\":true}},{\"breakpoint\":481,\"settings\":{\"slidesToShow\":1,\"slidesToScroll\":1,\"infinite\":true,\"touchMove\":true}}]}' data-slick-prev=\"fa fa-chevron-left\" data-slick-next=\"fa fa-chevron-right\"><div id=\"cz_63421\" class=\"cz_63421 cz_quote cz_quote_arrow\"><blockquote><div class=\"cz_quote_content cz_wpe_content\"><p><span style=\"font-size: 22px;\">Great things in business are never done by one person. They are done by a team of people. you are an awesome architectural team.<br \/>\n<\/span><\/p>\n<\/div><\/blockquote><div class=\"cz_quote_info\"><img loading=\"lazy\" decoding=\"async\" width=\"80\" height=\"80\" src=\"https:\/\/simnadwarcianski.pl\/wp-content\/uploads\/2021\/03\/q2.jpg\" class=\"attachment-thumbnail\" alt=\"\" title=\"q2\" \/><h4>Mark Someone<small>Businessman<\/small><\/h4><\/div><\/div><div id=\"cz_40968\" class=\"cz_40968 cz_quote cz_quote_arrow\"><blockquote><div class=\"cz_quote_content cz_wpe_content\"><p><span style=\"font-size: 22px;\">Great things in business are never done by one person. They are done by a team of people. you are an awesome architectural team.<br \/>\n<\/span><\/p>\n<\/div><\/blockquote><div class=\"cz_quote_info\"><img loading=\"lazy\" decoding=\"async\" width=\"80\" height=\"80\" src=\"https:\/\/simnadwarcianski.pl\/wp-content\/uploads\/2021\/03\/q6.jpg\" class=\"attachment-thumbnail\" alt=\"\" title=\"q6\" \/><h4>Jennifer Smith<small>Businessman<\/small><\/h4><\/div><\/div><div id=\"cz_97638\" class=\"cz_97638 cz_quote cz_quote_arrow\"><blockquote><div class=\"cz_quote_content cz_wpe_content\"><p><span style=\"font-size: 22px;\">Great things in business are never done by one person. They are done by a team of people. you are an awesome architectural team.<br \/>\n<\/span><\/p>\n<\/div><\/blockquote><div class=\"cz_quote_info\"><img loading=\"lazy\" decoding=\"async\" width=\"80\" height=\"80\" src=\"https:\/\/simnadwarcianski.pl\/wp-content\/uploads\/2021\/03\/q8.jpg\" class=\"attachment-thumbnail\" alt=\"\" title=\"q8\" \/><h4>Amanda Anderson<small>Businessman<\/small><\/h4><\/div><\/div><\/div><div><\/div>[\/vc_column][\/vc_row][vc_row full_width=&#8221;stretch_row&#8221; css=&#8221;.vc_custom_1612219398663{background-position: 0 0 !important;background-repeat: no-repeat !important;}&#8221;][vc_column]<div class=\"cz_gap clr  hide_on_mobile\" style=\"height: 80px\"><\/div><div class=\"cz_gap show_on_mobile clr\" style=\"height: 50px\"><\/div><div class=\"cz_btn_center\"><div class=\"cz_84429_p\"><a id=\"cz_84429\" class=\"cz_84429 cz_btn cz_btn_txt_no_fx cz_btn_no_fx\" href=\"http:\/\/simnadwarcianski.pl\/contact\/\" title=\"Contact\" aria-label=\"Contact\"><span><strong>Skontaktuj si\u0119 z nami<\/strong><\/span><b class=\"cz_btn_onhover\"><strong>Skontaktuj si\u0119 z nami<\/strong><\/b><\/a><\/div><\/div><div class=\"cz_gap clr  hide_on_tablet hide_on_mobile\" style=\"height: 110px\"><\/div><div class=\"cz_gap show_on_tablet clr \" style=\"height: 0px\"><\/div>[\/vc_column][\/vc_row]<\/p>\n","protected":false},"excerpt":{"rendered":"<p>[vc_row full_width=&#8221;stretch_row&#8221;][vc_column width=&#8221;1\/2&#8243;][\/vc_column][vc_column width=&#8221;1\/4&#8243;][\/vc_column][vc_column width=&#8221;1\/4&#8243;][\/vc_column][\/vc_row][vc_row full_width=&#8221;stretch_row&#8221; css=&#8221;.vc_custom_1614553410788{background: #d7dfe2 url(http:\/\/simnadwarcianski.pl\/wp-content\/uploads\/2021\/02\/bg5.jpg?id=899) !important;background-position: center &#8230; <\/p>\n","protected":false},"author":1,"featured_media":0,"parent":0,"menu_order":0,"comment_status":"closed","ping_status":"closed","template":"","meta":{"footnotes":""},"class_list":["post-3277","page","type-page","status-publish","hentry"],"_links":{"self":[{"href":"https:\/\/simnadwarcianski.pl\/index.php?rest_route=\/wp\/v2\/pages\/3277","targetHints":{"allow":["GET"]}}],"collection":[{"href":"https:\/\/simnadwarcianski.pl\/index.php?rest_route=\/wp\/v2\/pages"}],"about":[{"href":"https:\/\/simnadwarcianski.pl\/index.php?rest_route=\/wp\/v2\/types\/page"}],"author":[{"embeddable":true,"href":"https:\/\/simnadwarcianski.pl\/index.php?rest_route=\/wp\/v2\/users\/1"}],"replies":[{"embeddable":true,"href":"https:\/\/simnadwarcianski.pl\/index.php?rest_route=%2Fwp%2Fv2%2Fcomments&post=3277"}],"version-history":[{"count":13,"href":"https:\/\/simnadwarcianski.pl\/index.php?rest_route=\/wp\/v2\/pages\/3277\/revisions"}],"predecessor-version":[{"id":3285,"href":"https:\/\/simnadwarcianski.pl\/index.php?rest_route=\/wp\/v2\/pages\/3277\/revisions\/3285"}],"wp:attachment":[{"href":"https:\/\/simnadwarcianski.pl\/index.php?rest_route=%2Fwp%2Fv2%2Fmedia&parent=3277"}],"curies":[{"name":"wp","href":"https:\/\/api.w.org\/{rel}","templated":true}]}}